{"id":226,"date":"2017-08-02T19:38:25","date_gmt":"2017-08-02T17:38:25","guid":{"rendered":"https:\/\/tabor.magyarescfanklub.hu\/?page_id=226"},"modified":"2023-04-11T11:27:21","modified_gmt":"2023-04-11T09:27:21","slug":"megkozelites","status":"publish","type":"page","link":"https:\/\/tabor.magyarescfanklub.hu\/en\/megkozelites\/","title":{"rendered":"How to get there?"},"content":{"rendered":"<p><\/p>\n<h3>Location:<\/h3>\n<p><strong>St. M\u00e1rton Pansion<br \/>\n<\/strong>2318 Szigetszentm\u00e1rton, Dunapart-als\u00f3 u. 84.<\/p>\n<p style=\"text-align: center;\"><iframe loading=\"lazy\" style=\"border: 0;\" src=\"https:\/\/www.google.com\/maps\/embed?pb=!1m14!1m8!1m3!1d43361.42060084381!2d18.966025!3d47.214845!3m2!1i1024!2i768!4f13.1!3m3!1m2!1s0x0%3A0x0!2zNDfCsDEyJzU0LjYiTiAxOMKwNTcnMzkuOSJF!5e0!3m2!1shu!2sus!4v1545756216666\" width=\"600\" height=\"450\" frameborder=\"0\" allowfullscreen=\"allowfullscreen\"><\/iframe><\/p>\n<h3>From Budapest Airport to K\u00f6zv\u00e1g\u00f3h\u00edd<\/h3>\n<p>Take 200E bus to <em><strong>K\u0151b\u00e1nya-Kispest<\/strong><\/em>. Use M3 metro to <em><strong>N\u00e9pliget<\/strong><\/em> stop then use to tram 1 to\u00a0<em><strong>K\u00f6zv\u00e1g\u00f3h\u00edd H<\/strong><\/em><em>\u00a0<\/em>stop.<\/p>\n<h3>By train or bus (from Budapest)<\/h3>\n<p>From\u00a0<strong>Keleti p\u00e1lyaudvar:<\/strong> use tram 24 to\u00a0<em><strong>K\u00f6zv\u00e1g\u00f3h\u00edd H<\/strong><\/em><em>\u00a0<\/em>stop.<\/p>\n<p>From\u00a0<strong>Nyugati p\u00e1lyaudvar:\u00a0<\/strong>take\u00a0M3 metro to <em><strong>Nagyv\u00e1rad t\u00e9r<\/strong><\/em>. Use tram 24 to\u00a0<em><strong>K\u00f6zv\u00e1g\u00f3h\u00edd H<\/strong><\/em><em>\u00a0<\/em>stop.<\/p>\n<p>From\u00a0<strong>D\u00e9li p\u00e1lyaudvar:\u00a0<\/strong>take M2 to\u00a0<em><strong>Kossuth t\u00e9r<\/strong><\/em><em>.\u00a0<\/em>Use tram 2 to <em><strong>K\u00f6zv\u00e1g\u00f3h\u00edd H<\/strong><\/em> stop.<\/p>\n<p>From\u00a0<strong>Kelenf\u00f6ld:<\/strong> take M4 to\u00a0<em><strong>F\u0151v\u00e1m t\u00e9r.<\/strong><\/em><strong>\u00a0<\/strong>Use tram 2 to\u00a0<em><strong>K\u00f6zv\u00e1g\u00f3h\u00edd H<\/strong><\/em> stop.<\/p>\n<p>From\u00a0<strong>N\u00e9pliget:<\/strong> take tram 1 to\u00a0<em><strong>K\u00f6zv\u00e1g\u00f3h\u00edd H<\/strong><\/em><em>\u00a0<\/em>stop.<\/p>\n<h3>From K\u00f6zv\u00e1g\u00f3h\u00edd<\/h3>\n<p>IMPORTANT: the H\u00c9V leaves Budapest, so pay attention to buy a <strong><em>Metropolitan area ticket<\/em><\/strong> (K\u00f6rny\u00e9ki helyk\u00f6zi vonaljegy).<\/p>\n<p>Take\u00a0<strong>H6\u00a0<\/strong>line to\u00a0<em><strong>Horg\u00e1sztany\u00e1k<\/strong><\/em>. At the end of the platform, there&#8217;ll be a path in the direction to Danube river. Cross the road and keep straight on the asphalt (between the fields). Follow this road until you reach <em><strong>Dunapart-als\u00f3 utca<\/strong><\/em><em>. <\/em>Here, turn left and go straight until the street turns a bit left. You arrived to number\u00a0<strong>84<\/strong> where St. M\u00e1rton Pansion is. You&#8217;ve arrived. \ud83d\ude42<\/p>\n<h3><span style=\"font-size: 14pt;\">By car<\/span><\/h3>\n<p>GPS coordinates: N 47.21517\u00b0, E 18.96108\u00b0<\/p>","protected":false},"excerpt":{"rendered":"<p>Location: St. M\u00e1rton Pansion 2318 Szigetszentm\u00e1rton, Dunapart-als\u00f3 u. 84. From Budapest Airport to K\u00f6zv\u00e1g\u00f3h\u00edd Take 200E bus to K\u0151b\u00e1nya-Kispest. Use[&#8230;]<\/p>\n","protected":false},"author":2,"featured_media":0,"parent":0,"menu_order":0,"comment_status":"closed","ping_status":"closed","template":"","meta":{"_exactmetrics_skip_tracking":false,"_exactmetrics_sitenote_active":false,"_exactmetrics_sitenote_note":"","_exactmetrics_sitenote_category":0,"footnotes":""},"class_list":["post-226","page","type-page","status-publish","hentry"],"_links":{"self":[{"href":"https:\/\/tabor.magyarescfanklub.hu\/en\/wp-json\/wp\/v2\/pages\/226","targetHints":{"allow":["GET"]}}],"collection":[{"href":"https:\/\/tabor.magyarescfanklub.hu\/en\/wp-json\/wp\/v2\/pages"}],"about":[{"href":"https:\/\/tabor.magyarescfanklub.hu\/en\/wp-json\/wp\/v2\/types\/page"}],"author":[{"embeddable":true,"href":"https:\/\/tabor.magyarescfanklub.hu\/en\/wp-json\/wp\/v2\/users\/2"}],"replies":[{"embeddable":true,"href":"https:\/\/tabor.magyarescfanklub.hu\/en\/wp-json\/wp\/v2\/comments?post=226"}],"version-history":[{"count":4,"href":"https:\/\/tabor.magyarescfanklub.hu\/en\/wp-json\/wp\/v2\/pages\/226\/revisions"}],"predecessor-version":[{"id":507,"href":"https:\/\/tabor.magyarescfanklub.hu\/en\/wp-json\/wp\/v2\/pages\/226\/revisions\/507"}],"wp:attachment":[{"href":"https:\/\/tabor.magyarescfanklub.hu\/en\/wp-json\/wp\/v2\/media?parent=226"}],"curies":[{"name":"wp","href":"https:\/\/api.w.org\/{rel}","templated":true}]}}